{"id":576,"date":"2021-12-02T14:10:37","date_gmt":"2021-12-02T14:10:37","guid":{"rendered":"http:\/\/www.gloppaper.com\/home\/"},"modified":"2021-12-03T10:59:07","modified_gmt":"2021-12-03T10:59:07","slug":"home","status":"publish","type":"page","link":"https:\/\/www.gloppaper.com\/de\/","title":{"rendered":"Home"},"content":{"rendered":"<p>[vc_row css_animation=&#8220;&#8220; row_type=&#8220;row&#8220; use_row_as_full_screen_section=&#8220;no&#8220; type=&#8220;grid&#8220; angled_section=&#8220;no&#8220; text_align=&#8220;center&#8220; background_image_as_pattern=&#8220;without_pattern&#8220; anchor=&#8220;product&#8220; css=&#8220;.vc_custom_1637580823720{padding-top: 9.4% !important;padding-bottom: 5% !important;}&#8220; z_index=&#8220;&#8220;][vc_column][vc_column_text]<\/p>\n<h2>EIN BEEINDRUCKENDES SUBLIMATIONSERGEBNIS<\/h2>\n<p>[\/vc_column_text][vc_empty_space height=&#8220;20px&#8220;][vc_column_text]<\/p>\n<h5>GlopPaper h\u00e4lt die Sublimationstinte im Inneren des Papiers und \u00fcbertr\u00e4gt dank eines Molek\u00fcls aus einem speziellen patentierten Pigment die Pigmente der Tinte auf den zu personalisierenden Gegenstand.<\/h5>\n<p>[\/vc_column_text][\/vc_column][\/vc_row][vc_row css_animation=&#8220;&#8220; row_type=&#8220;row&#8220; use_row_as_full_screen_section=&#8220;no&#8220; type=&#8220;grid&#8220; angled_section=&#8220;no&#8220; text_align=&#8220;center&#8220; background_image_as_pattern=&#8220;without_pattern&#8220; css=&#8220;.vc_custom_1469088773203{padding-top: 4.7% !important;padding-bottom: 4% !important;}&#8220;][vc_column offset=&#8220;vc_col-lg-offset-0 vc_col-lg-4 vc_col-md-offset-2 vc_col-md-8&#8243;][vc_single_image image=&#8220;598&#8243; img_size=&#8220;full&#8220; alignment=&#8220;center&#8220; qode_css_animation=&#8220;&#8220;][vc_empty_space height=&#8220;15px&#8220;][vc_column_text]<\/p>\n<h3>F\u00dcR RIGID<\/h3>\n<p>[\/vc_column_text][vc_column_text]Zur Personalisierung von starren Oberfl\u00e4chen wie Tassen, Fliesen, Kisten, Tellern, Gl\u00e4sern, Puzzles, Flaschen.[\/vc_column_text][vc_empty_space height=&#8220;46px&#8220;][\/vc_column][vc_column offset=&#8220;vc_col-lg-offset-0 vc_col-lg-4 vc_col-md-offset-2 vc_col-md-8&#8243;][vc_single_image image=&#8220;605&#8243; img_size=&#8220;full&#8220; alignment=&#8220;center&#8220; qode_css_animation=&#8220;&#8220;][vc_empty_space height=&#8220;15px&#8220;][vc_column_text]<\/p>\n<h3>F\u00dcR TEXTILE<\/h3>\n<p>[\/vc_column_text][vc_column_text]Zur Personalisierung von Polyesterstoffen wie T-Shirts, Masken, Kissen, Fahnen, B\u00e4ndern und Uniformen.[\/vc_column_text][vc_empty_space height=&#8220;46px&#8220;][\/vc_column][vc_column offset=&#8220;vc_col-lg-offset-0 vc_col-lg-4 vc_col-md-offset-2 vc_col-md-8&#8243;][vc_single_image image=&#8220;591&#8243; img_size=&#8220;full&#8220; alignment=&#8220;center&#8220; qode_css_animation=&#8220;&#8220;][vc_empty_space height=&#8220;15px&#8220;][vc_column_text]<\/p>\n<h3>PERFEKTION<\/h3>\n<p>[\/vc_column_text][vc_column_text]Hohe Temperaturbest\u00e4ndigkeit. H\u00e4lt die Feuchtigkeit nicht zur\u00fcck. Widerstandsf\u00e4hig gegen Alterung. Perfekte Ebenheit des Papiers.[\/vc_column_text][vc_empty_space height=&#8220;46px&#8220;][\/vc_column][\/vc_row][vc_row row_type=&#8220;parallax&#8220; parallax_content_width=&#8220;in_grid&#8220; text_align=&#8220;left&#8220; full_screen_section_height=&#8220;no&#8220; background_image=&#8220;263&#8243; css=&#8220;.vc_custom_1637572343683{padding-top: 0% !important;padding-bottom: 0% !important;}&#8220; section_height=&#8220;750&#8243;][vc_column css=&#8220;.vc_custom_1469521407481{padding-top: 20.83% !important;}&#8220;][vc_column_text]<\/p>\n<h2><span style=\"color: #ffffff;\"><strong>WERDEN SIE VON DER HELLIGKEIT UND FARBDEFINITION \u00dcBERRASCHT SEIN.<\/strong><\/span><\/h2>\n<p>[\/vc_column_text][vc_empty_space height=&#8220;15px&#8220;][vc_row_inner row_type=&#8220;row&#8220; type=&#8220;full_width&#8220; text_align=&#8220;left&#8220; css_animation=&#8220;&#8220;][vc_column_inner width=&#8220;2\/3&#8243;][vc_column_text]<\/p>\n<h5><span style=\"color: #ffffff;\"><strong>GlopPaper ist patentiert und wird in Spanien hergestellt, mit Kunden und H\u00e4ndlern in ganz Europa.<\/strong><\/span><\/h5>\n<p>[\/vc_column_text][\/vc_column_inner][vc_column_inner width=&#8220;1\/3&#8243;][\/vc_column_inner][\/vc_row_inner][\/vc_column][\/vc_row][vc_row css_animation=&#8220;&#8220; row_type=&#8220;row&#8220; use_row_as_full_screen_section=&#8220;no&#8220; type=&#8220;grid&#8220; angled_section=&#8220;no&#8220; text_align=&#8220;center&#8220; background_image_as_pattern=&#8220;without_pattern&#8220; css=&#8220;.vc_custom_1637848871810{padding-top: 7.7% !important;padding-bottom: 5.5% !important;background-color: #ffffff !important;}&#8220; z_index=&#8220;&#8220;][vc_column offset=&#8220;vc_col-lg-offset-0 vc_col-lg-4 vc_col-md-offset-0 vc_col-md-4&#8243;]<div class='image_hover ' style='' data-transition-delay=''><div class='images_holder'><a itemprop='url' href='#' target='_self'><img itemprop='image' class='active_image ' src='https:\/\/www.gloppaper.com\/wp-content\/uploads\/2021\/11\/acabados-proferionales-papel-sublimacion-gloppaper.jpg' alt='' style='' \/><img itemprop='image' class='hover_image' src='https:\/\/www.gloppaper.com\/wp-content\/uploads\/2021\/11\/acabados-proferionales-papel-sublimacion-gloppaper-color.jpg' alt='' style='' \/><\/a><\/div><\/div>[vc_empty_space height=&#8220;15px&#8220;][vc_column_text]<\/p>\n<h4>ERZEUGT KEINE MARKIERUNGEN<\/h4>\n<p>[\/vc_column_text][vc_column_text]Es entstehen keine Walzenspuren, Ameisenspuren oder Flecken jeglicher Art.[\/vc_column_text][vc_empty_space height=&#8220;40px&#8220;][\/vc_column][vc_column offset=&#8220;vc_col-lg-offset-0 vc_col-lg-4 vc_col-md-offset-0 vc_col-md-4&#8243;]<div class='image_hover ' style='' data-transition-delay=''><div class='images_holder'><a itemprop='url' href='#' target='_self'><img itemprop='image' class='active_image ' src='https:\/\/www.gloppaper.com\/wp-content\/uploads\/2021\/11\/bajo-coste-produccion-papel-sublimacion-gloppaper.jpg' alt='' style='' \/><img itemprop='image' class='hover_image' src='https:\/\/www.gloppaper.com\/wp-content\/uploads\/2021\/11\/bajo-coste-produccion-papel-sublimacion-gloppaper-color.jpg' alt='' style='' \/><\/a><\/div><\/div>[vc_empty_space height=&#8220;15px&#8220;][vc_column_text]<\/p>\n<h4>SCHNELL TROCKNEND<\/h4>\n<p>[\/vc_column_text][vc_column_text]Patentierte Molek\u00fcle erm\u00f6glichen eine schnelle Trocknung, was die Wartezeiten verk\u00fcrzt.[\/vc_column_text][vc_empty_space height=&#8220;40px&#8220;][\/vc_column][vc_column offset=&#8220;vc_col-lg-offset-0 vc_col-lg-4 vc_col-md-offset-0 vc_col-md-4&#8243;]<div class='image_hover ' style='' data-transition-delay=''><div class='images_holder'><a itemprop='url' href='#' target='_self'><img itemprop='image' class='active_image ' src='https:\/\/www.gloppaper.com\/wp-content\/uploads\/2021\/11\/numero-uno-ventas-papel-sublimacion-gloppaper.jpg' alt='' style='' \/><img itemprop='image' class='hover_image' src='https:\/\/www.gloppaper.com\/wp-content\/uploads\/2021\/11\/numero-uno-ventas-papel-sublimacion-gloppaper-color.jpg' alt='' style='' \/><\/a><\/div><\/div>[vc_empty_space height=&#8220;15px&#8220;][vc_column_text]<\/p>\n<h4>KLARER DRUCK<\/h4>\n<p>[\/vc_column_text][vc_column_text]Garantiert scharfe Drucke und lebendige Farben f\u00fcr beeindruckende Ergebnisse.[\/vc_column_text][vc_empty_space height=&#8220;40px&#8220;][\/vc_column][\/vc_row][vc_row css_animation=&#8220;&#8220; row_type=&#8220;row&#8220; use_row_as_full_screen_section=&#8220;no&#8220; type=&#8220;full_width&#8220; angled_section=&#8220;no&#8220; text_align=&#8220;left&#8220; background_image_as_pattern=&#8220;without_pattern&#8220; anchor=&#8220;about&#8220; z_index=&#8220;&#8220; css=&#8220;.vc_custom_1637848785722{background-color: #ffffff !important;}&#8220;][vc_column][qode_elements_holder number_of_columns=&#8220;two_columns&#8220;][qode_elements_holder_item advanced_animations=&#8220;no&#8220; background_image=&#8220;266&#8243; item_padding=&#8220;0% 0% 0% 0%&#8220; item_padding_1024_1280=&#8220;0% 0% 0% 0%&#8220; item_padding_768_1024=&#8220;0% 0% 0% 0%&#8220; item_padding_600_768=&#8220;55% 25% 25% 25%&#8220; item_padding_480_600=&#8220;60% 0% 60% 0%&#8220; item_padding_480=&#8220;60% 0% 60% 0%&#8220;][\/qode_elements_holder_item][qode_elements_holder_item advanced_animations=&#8220;no&#8220; item_padding=&#8220;15% 10% 15% 10%&#8220; item_padding_1024_1280=&#8220;19.8% 17% 23.5% 16%&#8220; item_padding_768_1024=&#8220;16.8% 14% 16.5% 16%&#8220; item_padding_600_768=&#8220;10% 5% 10% 5%&#8220; item_padding_480_600=&#8220;10% 5% 10% 5%&#8220; item_padding_480=&#8220;15% 10% 15% 10%&#8220;][vc_column_text]<\/p>\n<h3>GLOPPAPER PREMIUM, DAS BESTE FARBSTOFFSUBLIMATIONSPAPIER<\/h3>\n<p>[\/vc_column_text][vc_empty_space height=&#8220;10px&#8220;][vc_column_text]Es gibt viele Marken und Arten von Sublimationspapier f\u00fcr die \u00dcbertragung auf Textilien oder feste Gegenst\u00e4nde. Tintenstrahldrucker, die f\u00fcr Sublimationsdrucke verwendet werden, m\u00fcssen ein spezielles und spezifisches Papier verwenden, um eine hervorragende \u00dcbertragung zu gew\u00e4hrleisten.<\/p>\n<p>Tradicionalmente, el papel de sublimaci\u00f3n se ha utilizado para mantener la tinta de sublimaci\u00f3n en la superficie del papel con un recubrimiento, generalmente a base de cera. Der Hauptvorteil dieser Beschichtung bestand darin, dass sie die Freisetzung der Tinte im Sublimationsverfahren erleichtert. Der gro\u00dfe Nachteil waren die Walzenspuren, die Fehler im Druck erzeugten, die als &#8222;Ameisenstra\u00dfen&#8220; oder &#8222;Pizzaspuren&#8220; bekannt sind.<\/p>\n<p>GlopPaper hat ein spezielles Molek\u00fcl auf Pigmentbasis patentiert, das die Sublimationstinte im Inneren des Papiers festh\u00e4lt und bei Anwendung von Hitze und Druck durch ein B\u00fcgeleisen nur die Farbpigmente auf die zu \u00fcbertragende Oberfl\u00e4che abgibt.<\/p>\n<p>Das Ergebnis ist beeindruckend, denn Werbefachleute berichten uns, dass sie von der Helligkeit und der Sch\u00e4rfe der Farben sowie der Genauigkeit der Linien und Profile der Entw\u00fcrfe begeistert sind.<\/p>\n<p><strong>GlopPaper wird in Spanien patentiert und hergestellt und hat Kunden und Vertrieb in ganz Europa.<\/strong>[\/vc_column_text][\/qode_elements_holder_item][\/qode_elements_holder][\/vc_column][\/vc_row][vc_row css_animation=&#8220;&#8220; row_type=&#8220;row&#8220; use_row_as_full_screen_section=&#8220;no&#8220; type=&#8220;full_width&#8220; angled_section=&#8220;no&#8220; text_align=&#8220;left&#8220; background_image_as_pattern=&#8220;without_pattern&#8220; css=&#8220;.vc_custom_1637848779986{background-color: #f6f6f6 !important;}&#8220; z_index=&#8220;&#8220;][vc_column][qode_elements_holder number_of_columns=&#8220;two_columns&#8220;][qode_elements_holder_item advanced_animations=&#8220;no&#8220; item_padding=&#8220;15% 10% 15% 10%&#8220; item_padding_1024_1280=&#8220;24.8% 24% 24.6% 16%&#8220; item_padding_768_1024=&#8220;23.8% 17% 18.5% 15%&#8220; item_padding_600_768=&#8220;10% 5% 10% 5%&#8220; item_padding_480_600=&#8220;10% 5% 10% 5%&#8220; item_padding_480=&#8220;15% 10% 15% 10%&#8220;][vc_column_text]<\/p>\n<h3>GR\u00d6SSEN UND AUFMACHUNGEN VON GLOPPAPER-SUBLIMATIONSPAPIEREN.<\/h3>\n<p>[\/vc_column_text][vc_column_text]F\u00fcr die Sublimationstechnik werden Tintenstrahldrucker mit verschiedenen Arten von Sublimationspapier verwendet.<\/p>\n<p>GlopPaper ist ein au\u00dfergew\u00f6hnliches Sublimationspapier, dessen Qualit\u00e4ten und Preis die Sublimationsprofis mit den Herausforderungen aller starren &#8222;Rohlinge&#8220; oder Polyestergewebe zufriedenstellen.<\/p>\n<p>GlopPaper ist 2020 die Nr. 1 im Verkauf in Spanien, 2021 die Nr. 1 im Verkauf Und bereits viele Kunden, die GlopPaper-Sublimationspapier in Frankreich, Deutschland, Italien, Portugal und den Niederlanden gekauft haben, haben in den letzten Monaten erneut gekauft.[\/vc_column_text][vc_empty_space height=&#8220;15px&#8220;][vc_raw_html]JTNDdGFibGUlMjBjbGFzcyUzRCUyMmJsdWVUYWJsZSUyMiUzRSUwQSUwOSUzQ3RoZWFkJTNFJTBBJTA5JTA5JTNDdHIlM0UlMEElMDklMDklMDklM0N0aCUzRUFOWkFITCUyMERFUiUyMFBMQVRURU4lMjAlMkYlMjBHUiVDMyU5NlNTRSUzQyUyRnRoJTNFJTBBJTA5JTA5JTA5JTNDdGglM0UxMDAlMjBQTEFUVEVOJTIwMTIwJTIwZ3IlM0MlMkZ0aCUzRSUwQSUwOSUwOSUwOSUzQ3RoJTNFMjUwJTIwUExBVFRFTiUyMDEyMCUyMGdyJTNDJTJGdGglM0UlMEElMDklMDklMDklM0N0aCUzRTUwMCUyMFBMQVRURU4lMjAxMjAlMjBnciUzQyUyRnRoJTNFJTBBJTA5JTA5JTNDJTJGdHIlM0UlMEElMDklM0MlMkZ0aGVhZCUzRSUwQSUwOSUzQ3Rib2R5JTNFJTBBJTA5JTA5JTNDdHIlM0UlMEElMDklMDklMDklM0N0ZCUyMHN0eWxlJTNEJTIyYmFja2dyb3VuZC1jb2xvciUzQSUyMzk2ZTRmZCUzQiUyMiUzRUE0JTIwJTdDJTIwMjEwbW0lMkEyOTdtbSUyMCU3QyUyMDglMkMyNyUyMiUyQTExJTJDNjklMjIlM0MlMkZ0ZCUzRSUwQSUwOSUwOSUwOSUzQ3RkJTIwc3R5bGUlM0QlMjJiYWNrZ3JvdW5kLWNvbG9yJTNBJTIwJTIzNmJkMDRlJTNCY29sb3IlM0ElMjAlMjNmZmYlM0IlMjIlM0UzMiUyMFBhY2t1bmdlbiUyRkthcnRvbiUyMDI1S2clM0MlMkZ0ZCUzRSUwQSUwOSUwOSUwOSUzQ3RkJTIwc3R5bGUlM0QlMjJiYWNrZ3JvdW5kLWNvbG9yJTNBJTIwJTIzNmJkMDRlJTNCY29sb3IlM0ElMjAlMjNmZmYlM0IlMjIlM0UxMiUyMFBhY2t1bmdlbiUyRkthcnRvbiUyMDIzJTJDNUtnJTNDJTJGdGQlM0UlMEElMDklMDklMDklM0N0ZCUyMHN0eWxlJTNEJTIyYmFja2dyb3VuZC1jb2xvciUzQSUyMCUyM2E1MWExZCUzQmNvbG9yJTNBJTIwJTIzZmZmJTNCJTIyJTNFTkVJTiUzQyUyRnRkJTNFJTBBJTA5JTA5JTNDJTJGdHIlM0UlMEElMDklMDklM0N0ciUzRSUwQSUwOSUwOSUwOSUzQ3RkJTIwc3R5bGUlM0QlMjJiYWNrZ3JvdW5kLWNvbG9yJTNBJTIzOTZlNGZkJTNCJTIyJTNFQTMlMjAlN0MlMjAyOTdtbSUyQTQyMG1tJTIwJTdDJTIwMTElMkM2OSUyMiUyQTE2JTJDNTQlMjIlM0MlMkZ0ZCUzRSUwQSUwOSUwOSUwOSUzQ3RkJTIwc3R5bGUlM0QlMjJiYWNrZ3JvdW5kLWNvbG9yJTNBJTIwJTIzNmJkMDRlJTNCY29sb3IlM0ElMjAlMjNmZmYlM0IlMjIlM0UxNiUyMFBhY2t1bmdlbiUyRkthcnRvbiUyMDI1S2clM0MlMkZ0ZCUzRSUwQSUwOSUwOSUwOSUzQ3RkJTIwc3R5bGUlM0QlMjJiYWNrZ3JvdW5kLWNvbG9yJTNBJTIwJTIzNmJkMDRlJTNCY29sb3IlM0ElMjAlMjNmZmYlM0IlMjIlM0U2JTIwUGFja3VuZ2VuJTJGS2FydG9uJTIwMjMlMkM1S2clM0MlMkZ0ZCUzRSUwQSUwOSUwOSUwOSUzQ3RkJTIwc3R5bGUlM0QlMjJiYWNrZ3JvdW5kLWNvbG9yJTNBJTIwJTIzYTUxYTFkJTNCY29sb3IlM0ElMjAlMjNmZmYlM0IlMjIlM0VORUlOJTNDJTJGdGQlM0UlMEElMDklMDklM0MlMkZ0ciUzRSUwQSUwOSUwOSUzQ3RyJTNFJTBBJTA5JTA5JTA5JTNDdGQlMjBzdHlsZSUzRCUyMmJhY2tncm91bmQtY29sb3IlM0ElMjM5NmU0ZmQlM0IlMjIlM0VBMyUyQiUyMCU3QyUyMDMyOW1tJTJBNDgzbW0lMjAlN0MlMjAxMiUyQzk1JTIyJTJBMTklMkMwMiUyMiUzQyUyRnRkJTNFJTBBJTA5JTA5JTA5JTNDdGQlMjBzdHlsZSUzRCUyMmJhY2tncm91bmQtY29sb3IlM0ElMjAlMjM2YmQwNGUlM0Jjb2xvciUzQSUyMCUyM2ZmZiUzQiUyMiUzRTE5JTIwUGFja3VuZ2VuJTJGS2FydG9uJTIwMzNLZyUzQyUyRnRkJTNFJTBBJTA5JTA5JTA5JTNDdGQlMjBzdHlsZSUzRCUyMmJhY2tncm91bmQtY29sb3IlM0ElMjAlMjNhNTFhMWQlM0Jjb2xvciUzQSUyMCUyM2ZmZiUzQiUyMiUzRU5FSU4lM0MlMkZ0ZCUzRSUwQSUwOSUwOSUwOSUzQ3RkJTIwc3R5bGUlM0QlMjJiYWNrZ3JvdW5kLWNvbG9yJTNBJTIwJTIzYTUxYTFkJTNCY29sb3IlM0ElMjAlMjNmZmYlM0IlMjIlM0VORUlOJTNDJTJGdGQlM0UlMEElMDklMDklM0MlMkZ0ciUzRSUwQSUwOSUwOSUzQ3RyJTNFJTBBJTA5JTA5JTA5JTNDdGQlMjBzdHlsZSUzRCUyMmJhY2tncm91bmQtY29sb3IlM0ElMjM5NmU0ZmQlM0IlMjIlM0VBMiUyMCU3QyUyMDQyMG1tJTJBNTk0bW0lMjAlN0MlMjAxNiUyQzUwJTIyJTJBMjMlMkM0MCUyMiUzQyUyRnRkJTNFJTBBJTA5JTA5JTA5JTNDdGQlMjBzdHlsZSUzRCUyMmJhY2tncm91bmQtY29sb3IlM0ElMjAlMjNhNTFhMWQlM0Jjb2xvciUzQSUyMCUyM2ZmZiUzQiUyMiUzRU5FSU4lM0MlMkZ0ZCUzRSUwQSUwOSUwOSUwOSUzQ3RkJTIwc3R5bGUlM0QlMjJiYWNrZ3JvdW5kLWNvbG9yJTNBJTIwJTIzYTUxYTFkJTNCY29sb3IlM0ElMjAlMjNmZmYlM0IlMjIlM0VORUlOJTNDJTJGdGQlM0UlMEElMDklMDklMDklM0N0ZCUyMHN0eWxlJTNEJTIyYmFja2dyb3VuZC1jb2xvciUzQSUyMCUyMzZiZDA0ZSUzQmNvbG9yJTNBJTIwJTIzZmZmJTNCJTIyJTNFSkElM0MlMkZ0ZCUzRSUwQSUwOSUwOSUzQyUyRnRyJTNFJTBBJTA5JTA5JTNDdHIlM0UlMEElMDklMDklMDklM0N0ZCUyMHN0eWxlJTNEJTIyYmFja2dyb3VuZC1jb2xvciUzQSUyMzk2ZTRmZCUzQiUyMiUzRUExJTIwJTdDJTIwNTk0bW0lMkE4NDFtbSUyMCU3QyUyMDIzJTJDNDAlMjIlMkEzMyUyQzEwJTIyJTNDJTJGdGQlM0UlMEElMDklMDklMDklM0N0ZCUyMHN0eWxlJTNEJTIyYmFja2dyb3VuZC1jb2xvciUzQSUyMCUyM2E1MWExZCUzQmNvbG9yJTNBJTIwJTIzZmZmJTNCJTIyJTNFTkVJTiUzQyUyRnRkJTNFJTBBJTA5JTA5JTA5JTNDdGQlMjBzdHlsZSUzRCUyMmJhY2tncm91bmQtY29sb3IlM0ElMjAlMjNhNTFhMWQlM0Jjb2xvciUzQSUyMCUyM2ZmZiUzQiUyMiUzRU5FSU4lM0MlMkZ0ZCUzRSUwQSUwOSUwOSUwOSUzQ3RkJTIwc3R5bGUlM0QlMjJiYWNrZ3JvdW5kLWNvbG9yJTNBJTIwJTIzNmJkMDRlJTNCY29sb3IlM0ElMjAlMjNmZmYlM0IlMjIlM0VKQSUzQyUyRnRkJTNFJTBBJTA5JTA5JTNDJTJGdHIlM0UlMEElMDklM0MlMkZ0Ym9keSUzRSUwQSUzQyUyRnRhYmxlJTNF[\/vc_raw_html][\/qode_elements_holder_item][qode_elements_holder_item advanced_animations=&#8220;no&#8220; background_image=&#8220;295&#8243; item_padding=&#8220;0% 0% 0% 0%&#8220; item_padding_1024_1280=&#8220;0% 0% 0% 0%&#8220; item_padding_768_1024=&#8220;0% 0% 0% 0%&#8220; item_padding_600_768=&#8220;55% 25% 25% 25%&#8220; item_padding_480_600=&#8220;60% 0% 60% 0%&#8220; item_padding_480=&#8220;60% 0% 60% 0%&#8220;][\/qode_elements_holder_item][\/qode_elements_holder][\/vc_column][\/vc_row][vc_row css_animation=&#8220;&#8220; row_type=&#8220;row&#8220; use_row_as_full_screen_section=&#8220;no&#8220; type=&#8220;full_width&#8220; angled_section=&#8220;no&#8220; text_align=&#8220;center&#8220; background_image_as_pattern=&#8220;without_pattern&#8220; anchor=&#8220;about&#8220; css=&#8220;.vc_custom_1637848794570{background-color: #ffffff !important;}&#8220; z_index=&#8220;&#8220;][vc_column][qode_elements_holder number_of_columns=&#8220;two_columns&#8220; alignment_one_column=&#8220;center&#8220;][qode_elements_holder_item advanced_animations=&#8220;no&#8220; background_image=&#8220;294&#8243; item_padding=&#8220;0% 0% 0% 0%&#8220; item_padding_1024_1280=&#8220;0% 0% 0% 0%&#8220; item_padding_768_1024=&#8220;0% 0% 0% 0%&#8220; item_padding_600_768=&#8220;55% 25% 25% 25%&#8220; item_padding_480_600=&#8220;60% 0% 60% 0%&#8220; item_padding_480=&#8220;60% 0% 60% 0%&#8220;][\/qode_elements_holder_item][qode_elements_holder_item advanced_animations=&#8220;no&#8220; item_padding=&#8220;25% 10% 25% 10%&#8220; item_padding_1024_1280=&#8220;19.8% 17% 23.5% 16%&#8220; item_padding_768_1024=&#8220;16.8% 14% 16.5% 16%&#8220; item_padding_600_768=&#8220;10% 5% 10% 5%&#8220; item_padding_480_600=&#8220;10% 5% 10% 5%&#8220; item_padding_480=&#8220;15% 10% 15% 10%&#8220;][vc_column_text]<\/p>\n<h3>HABEN SIE NOCH FRAGEN ZU GLOPPAPER?<\/h3>\n<p>[\/vc_column_text][vc_empty_space height=&#8220;10px&#8220;][vc_column_text]<\/p>\n<p style=\"text-align: center;\"><strong> Wir suchen Vertriebsh\u00e4ndler in L\u00e4ndern auf der ganzen Welt.<\/strong><\/p>\n<p>[\/vc_column_text][vc_empty_space height=&#8220;20px&#8220;][vc_raw_html]JTVCdmNfY29sdW1uJTIwd2lkdGglM0QlMjIxJTJGMiUyMiU1RCU1QmJ1dHRvbiUyMHRhcmdldCUzRCUyMl9ibGFuayUyMiUyMGhvdmVyX3R5cGUlM0QlMjJkZWZhdWx0JTIyJTIwZ3JhZGllbnQlM0QlMjJ5ZXMlMjIlMjBmb250X3dlaWdodCUzRCUyMjUwMCUyMiUyMGJ1dHRvbl9zaGFkb3clM0QlMjJ5ZXMlMjIlMjB0ZXh0JTNEJTIyR1JPU1NIJUMzJTg0TkRMRVIlMjBTRUlOJTIyJTIwbGluayUzRCUyMiUyRmRlJTJGd2VyZGVuLXNpZS1nbG9wcGFwZXItaGFlbmRsZXIlMjIlMjBjb2xvciUzRCUyMiUyM2ZmZmZmZiUyMiUyMGhvdmVyX2NvbG9yJTNEJTIyJTIzZmZmZmZmJTIyJTIwYmFja2dyb3VuZF9jb2xvciUzRCUyMiUyMzNmOGRjYiUyMiUyMGhvdmVyX2JhY2tncm91bmRfY29sb3IlM0QlMjIlMjMzMDQ5NmIlMjIlMjBib3JkZXJfY29sb3IlM0QlMjIlMjMzZjhkY2IlMjIlMjBob3Zlcl9ib3JkZXJfY29sb3IlM0QlMjIlMjMzMDQ5NmIlMjIlMjBmb250X3NpemUlM0QlMjIxNiUyMiUyMGJvcmRlcl9yYWRpdXMlM0QlMjIxNSUyMiU1RCU1QnZjX2VtcHR5X3NwYWNlJTIwaGVpZ2h0JTNEJTIyMjBweCUyMiU1RCU1QiUyRnZjX2NvbHVtbiU1RCU1QnZjX2NvbHVtbiUyMHdpZHRoJTNEJTIyMSUyRjIlMjIlNUQlNUJidXR0b24lMjB0YXJnZXQlM0QlMjJfYmxhbmslMjIlMjBob3Zlcl90eXBlJTNEJTIyZGVmYXVsdCUyMiUyMGdyYWRpZW50JTNEJTIyeWVzJTIyJTIwZm9udF93ZWlnaHQlM0QlMjI1MDAlMjIlMjBidXR0b25fc2hhZG93JTNEJTIyeWVzJTIyJTIwdGV4dCUzRCUyMktPTlRBS1QlMjIlMjBsaW5rJTNEJTIyJTJGZGUlMkZrb250YWt0LXp1LWdsb3BwYXBlciUyMiUyMGNvbG9yJTNEJTIyJTIzZmZmZmZmJTIyJTIwaG92ZXJfY29sb3IlM0QlMjIlMjNmZmZmZmYlMjIlMjBiYWNrZ3JvdW5kX2NvbG9yJTNEJTIyJTIzM2Y4ZGNiJTIyJTIwaG92ZXJfYmFja2dyb3VuZF9jb2xvciUzRCUyMiUyMzMwNDk2YiUyMiUyMGJvcmRlcl9jb2xvciUzRCUyMiUyMzNmOGRjYiUyMiUyMGhvdmVyX2JvcmRlcl9jb2xvciUzRCUyMiUyMzMwNDk2YiUyMiUyMGZvbnRfc2l6ZSUzRCUyMjE2JTIyJTIwYm9yZGVyX3JhZGl1cyUzRCUyMjE1JTIyJTVEJTVCJTJGdmNfY29sdW1uJTVE[\/vc_raw_html][\/qode_elements_holder_item][\/qode_elements_holder][\/vc_column][\/vc_row][vc_row css_animation=&#8220;&#8220; row_type=&#8220;row&#8220; use_row_as_full_screen_section=&#8220;no&#8220; type=&#8220;grid&#8220; angled_section=&#8220;no&#8220; text_align=&#8220;center&#8220; background_image_as_pattern=&#8220;without_pattern&#8220; anchor=&#8220;testimonials&#8220; css=&#8220;.vc_custom_1637849377157{padding-top: 7.9% !important;padding-bottom: 7% !important;}&#8220; z_index=&#8220;&#8220; el_class=&#8220;fondoGradiente&#8220;][vc_column][vc_column_text]<\/p>\n<h3 style=\"text-align: center;\"><span style=\"color: #ffffff;\"><strong>SIE \u00dcBERLEGEN, SUBLIMATIONSPAPIER ZU KAUFEN?<\/strong><\/span><\/h3>\n<p>[\/vc_column_text][vc_empty_space height=&#8220;25px&#8220;]\n\n\t<a href=\"https:\/\/tintaciss.net\/468-papel-de-sublimacion\" target=\"_blank\" style=\"font-weight: 700\" class=\"qode-btn qode-btn-medium qode-btn-solid qode-btn-icon qode-btn-with-shadow qode-btn-shadow-hover\"  >\n\t    <span class=\"qode-btn-text\">GlopPaper kaufen<\/span><span class=\"qode-button-v2-icon-holder\"  ><i class=\"qode_icon_font_awesome_5 fa5 fa fa-shopping-basket qode-button-v2-icon-holder-inner\" ><\/i><\/span>\t<\/a>\n\n[\/vc_column][\/vc_row][vc_row css_animation=&#8220;&#8220; row_type=&#8220;row&#8220; use_row_as_full_screen_section=&#8220;no&#8220; type=&#8220;grid&#8220; angled_section=&#8220;no&#8220; text_align=&#8220;center&#8220; background_image_as_pattern=&#8220;without_pattern&#8220; anchor=&#8220;testimonials&#8220; css=&#8220;.vc_custom_1637848809571{padding-top: 7.9% !important;padding-bottom: 7% !important;background-color: #ffffff !important;}&#8220; z_index=&#8220;&#8220;][vc_column][vc_column_text]<\/p>\n<h2>STELLUNGNAHMEN<\/h2>\n<p>[\/vc_column_text][vc_empty_space height=&#8220;25px&#8220;]<div class='testimonials_c_holder clearfix dark'><div class=\"testimonials_c testimonials_c_carousel\" data-show-navigation=\"yes\" data-animation-speed=\"\" data-auto-rotate-slides=\"10\" data-number-per-slide=\"1\"><ul class=\"slides\"><li id=\"testimonials-c-590\" class=\"testimonial_content\"><div class=\"testimonial_content_inner\"><div class=\"testimonial_title_holder\"><h5>Hohe Funktionalit\u00e4t<\/h5><\/div><div class=\"testimonial_rating_holder\"><span class=\"testimonial_star_holder\"><span class=\"icon_star\"><\/span><\/span><span class=\"testimonial_star_holder\"><span class=\"icon_star\"><\/span><\/span><span class=\"testimonial_star_holder\"><span class=\"icon_star\"><\/span><\/span><span class=\"testimonial_star_holder\"><span class=\"icon_star\"><\/span><\/span><span class=\"testimonial_star_holder\"><span class=\"icon_star\"><\/span><\/span><\/div><div class=\"testimonial_text_holder\"><div class=\"testimonial_text_inner\" style=\"color: #3c3c3c;\"><p style='font-size:18px;color:#3c3c3c;'>Wir waren beeindruckt. Wir dachten, dass die Ergebnisse mittelm\u00e4\u00dfig sein w\u00fcrden, da es sich um ein preiswertes Sublimationspapier handelt. Als wir die ersten Tests durchf\u00fchrten, waren wir jedoch erstaunt: Es ist ein preiswertes Papier, aber auch die beste Qualit\u00e4t, die ich gefunden habe.<\/p><p class=\"testimonial_author\" style=\"color: #3c3c3c;font-weight: 400;color: #3c3c3c;font-size: 14px;\">Michel Font<\/p><\/div><\/div><\/div><\/li><li id=\"testimonials-c-589\" class=\"testimonial_content\"><div class=\"testimonial_content_inner\"><div class=\"testimonial_title_holder\"><h5>Au\u00dfergew\u00f6hnliche Qualit\u00e4t<\/h5><\/div><div class=\"testimonial_rating_holder\"><span class=\"testimonial_star_holder\"><span class=\"icon_star\"><\/span><\/span><span class=\"testimonial_star_holder\"><span class=\"icon_star\"><\/span><\/span><span class=\"testimonial_star_holder\"><span class=\"icon_star\"><\/span><\/span><span class=\"testimonial_star_holder\"><span class=\"icon_star\"><\/span><\/span><span class=\"testimonial_star_holder\"><span class=\"icon_star\"><\/span><\/span><\/div><div class=\"testimonial_text_holder\"><div class=\"testimonial_text_inner\" style=\"color: #3c3c3c;\"><p style='font-size:18px;color:#3c3c3c;'>Das Ergebnis ist beeindruckend, wie uns Werbefachleute berichten, die von der Helligkeit und der Sch\u00e4rfe der Farben sowie von der Genauigkeit der Linien und Profile der Entw\u00fcrfe begeistert sind.<\/p><p class=\"testimonial_author\" style=\"color: #3c3c3c;font-weight: 400;color: #3c3c3c;font-size: 14px;\">Richard Wood<\/p><\/div><\/div><\/div><\/li><\/ul><\/div><\/div>[\/vc_column][\/vc_row]<\/p>\n","protected":false},"excerpt":{"rendered":"<p>[vc_row css_animation=&#8220;&#8220; row_type=&#8220;row&#8220; use_row_as_full_screen_section=&#8220;no&#8220; type=&#8220;grid&#8220; angled_section=&#8220;no&#8220; text_align=&#8220;center&#8220; background_image_as_pattern=&#8220;without_pattern&#8220; anchor=&#8220;product&#8220; css=&#8220;.vc_custom_1637580823720{padding-top: 9.4% !important;padding-bottom: 5% !important;}&#8220; z_index=&#8220;&#8220;][vc_column][vc_column_text] EIN BEEINDRUCKENDES SUBLIMATIONSERGEBNIS [\/vc_column_text][vc_empty_space height=&#8220;20px&#8220;][vc_column_text] GlopPaper h\u00e4lt die Sublimationstinte im Inneren des Papiers und \u00fcbertr\u00e4gt dank eines Molek\u00fcls aus einem speziellen patentierten Pigment die Pigmente der Tinte auf den zu&#8230;<\/p>\n","protected":false},"author":2,"featured_media":0,"parent":0,"menu_order":0,"comment_status":"closed","ping_status":"closed","template":"full_width.php","meta":{"footnotes":""},"class_list":["post-576","page","type-page","status-publish","hentry"],"aioseo_notices":[],"_links":{"self":[{"href":"https:\/\/www.gloppaper.com\/de\/wp-json\/wp\/v2\/pages\/576","targetHints":{"allow":["GET"]}}],"collection":[{"href":"https:\/\/www.gloppaper.com\/de\/wp-json\/wp\/v2\/pages"}],"about":[{"href":"https:\/\/www.gloppaper.com\/de\/wp-json\/wp\/v2\/types\/page"}],"author":[{"embeddable":true,"href":"https:\/\/www.gloppaper.com\/de\/wp-json\/wp\/v2\/users\/2"}],"replies":[{"embeddable":true,"href":"https:\/\/www.gloppaper.com\/de\/wp-json\/wp\/v2\/comments?post=576"}],"version-history":[{"count":12,"href":"https:\/\/www.gloppaper.com\/de\/wp-json\/wp\/v2\/pages\/576\/revisions"}],"predecessor-version":[{"id":817,"href":"https:\/\/www.gloppaper.com\/de\/wp-json\/wp\/v2\/pages\/576\/revisions\/817"}],"wp:attachment":[{"href":"https:\/\/www.gloppaper.com\/de\/wp-json\/wp\/v2\/media?parent=576"}],"curies":[{"name":"wp","href":"https:\/\/api.w.org\/{rel}","templated":true}]}}