{"id":767,"date":"2021-12-03T10:12:54","date_gmt":"2021-12-03T10:12:54","guid":{"rendered":"http:\/\/www.gloppaper.com\/werden-sie-gloppaper-haendler\/"},"modified":"2021-12-03T10:21:28","modified_gmt":"2021-12-03T10:21:28","slug":"werden-sie-gloppaper-haendler","status":"publish","type":"page","link":"https:\/\/www.gloppaper.com\/de\/werden-sie-gloppaper-haendler\/","title":{"rendered":"Werden Sie GlopPaper-H\u00e4ndler"},"content":{"rendered":"<p>[vc_row css_animation=&#8220;&#8220; row_type=&#8220;row&#8220; use_row_as_full_screen_section=&#8220;no&#8220; type=&#8220;grid&#8220; angled_section=&#8220;no&#8220; text_align=&#8220;left&#8220; background_image_as_pattern=&#8220;without_pattern&#8220; z_index=&#8220;&#8220; padding_top=&#8220;60&#8243; padding_bottom=&#8220;60&#8243;][vc_column][vc_column_text]<\/p>\n<h2 style=\"text-align: center;\">M\u00d6CHTEN SIE DEM TEAM BEITRETEN?<\/h2>\n<p style=\"text-align: center;\">Wir sind immer auf der Suche nach neuen Unternehmen und Einzelpersonen, die unser Team an unserem Hauptsitz in Vila-real verst\u00e4rken m\u00f6chten. Haben Sie die F\u00e4higkeiten und die Erfahrung, die Sie brauchen? Sind Sie leidenschaftlich in der Druckindustrie? Wir sind immer auf der Suche nach Gro\u00dfh\u00e4ndlern f\u00fcr den Verkauf.<\/p>\n<p style=\"text-align: center;\">Wenn Sie der Meinung sind, dass Sie das Zeug dazu haben, nehmen Sie Kontakt mit uns auf, indem Sie Ihre Informationen an info@gloppaper.com schicken und in einer E-Mail erkl\u00e4ren, warum Sie unserem Netzwerk beitreten sollten.<\/p>\n<p>[\/vc_column_text][vc_empty_space height=&#8220;20px&#8220;]\n<div class=\"wpcf7 no-js\" id=\"wpcf7-f743-o1\" lang=\"de-DE\" dir=\"ltr\">\n<div class=\"screen-reader-response\"><p role=\"status\" aria-live=\"polite\" aria-atomic=\"true\"><\/p> <ul><\/ul><\/div>\n<form action=\"\/de\/wp-json\/wp\/v2\/pages\/767#wpcf7-f743-o1\" method=\"post\" class=\"wpcf7-form init cf7_custom_style_1\" aria-label=\"Kontaktformular\" novalidate=\"novalidate\" data-status=\"init\">\n<div style=\"display: none;\">\n<input type=\"hidden\" name=\"_wpcf7\" value=\"743\" \/>\n<input type=\"hidden\" name=\"_wpcf7_version\" value=\"5.8.1\" \/>\n<input type=\"hidden\" name=\"_wpcf7_locale\" value=\"de_DE\" \/>\n<input type=\"hidden\" name=\"_wpcf7_unit_tag\" value=\"wpcf7-f743-o1\" \/>\n<input type=\"hidden\" name=\"_wpcf7_container_post\" value=\"0\" \/>\n<input type=\"hidden\" name=\"_wpcf7_posted_data_hash\" value=\"\" \/>\n<input type=\"hidden\" name=\"_wpcf7_recaptcha_response\" value=\"\" \/>\n<\/div>\n<div class=\"vc_col-xs-6 vc_col-sm-4  sinPaddings\">\n\t<p><span class=\"wpcf7-form-control-wrap\" data-name=\"nombre\"><input size=\"40\" class=\"wpcf7-form-control wpcf7-text wpcf7-validates-as-required\" aria-required=\"true\" aria-invalid=\"false\" placeholder=\"Name *\" value=\"\" type=\"text\" name=\"nombre\" \/><\/span>\n\t<\/p>\n<\/div>\n<div class=\"vc_col-xs-6 vc_col-sm-4  sinPaddings\">\n\t<p><span class=\"wpcf7-form-control-wrap\" data-name=\"email-322\"><input size=\"40\" class=\"wpcf7-form-control wpcf7-email wpcf7-validates-as-required wpcf7-text wpcf7-validates-as-email\" aria-required=\"true\" aria-invalid=\"false\" placeholder=\"E-mail *\" value=\"\" type=\"email\" name=\"email-322\" \/><\/span>\n\t<\/p>\n<\/div>\n<div class=\"vc_col-xs-6 vc_col-sm-4  sinPaddings\">\n\t<p><span class=\"wpcf7-form-control-wrap\" data-name=\"tel-80\"><input size=\"40\" class=\"wpcf7-form-control wpcf7-tel wpcf7-validates-as-required wpcf7-text wpcf7-validates-as-tel\" aria-required=\"true\" aria-invalid=\"false\" placeholder=\"Telefon*\" value=\"\" type=\"tel\" name=\"tel-80\" \/><\/span>\n\t<\/p>\n<\/div>\n<div class=\"vc_col-xs-6 vc_col-sm-6  sinPaddings\">\n\t<p><span class=\"wpcf7-form-control-wrap\" data-name=\"pais\"><input size=\"40\" class=\"wpcf7-form-control wpcf7-text wpcf7-validates-as-required\" aria-required=\"true\" aria-invalid=\"false\" placeholder=\"Land *\" value=\"\" type=\"text\" name=\"pais\" \/><\/span>\n\t<\/p>\n<\/div>\n<div class=\"vc_col-xs-12 vc_col-sm-6  sinPaddings\">\n\t<p><span class=\"wpcf7-form-control-wrap\" data-name=\"empresa\"><input size=\"40\" class=\"wpcf7-form-control wpcf7-text\" aria-invalid=\"false\" placeholder=\"Unternehmen\" value=\"\" type=\"text\" name=\"empresa\" \/><\/span>\n\t<\/p>\n<\/div>\n<div class=\"vc_col-xs-12 sinPaddings\">\n\t<p><span class=\"wpcf7-form-control-wrap\" data-name=\"textarea-836\"><textarea cols=\"40\" rows=\"10\" class=\"wpcf7-form-control wpcf7-textarea\" aria-invalid=\"false\" placeholder=\"Nachricht\" name=\"textarea-836\"><\/textarea><\/span>\n\t<\/p>\n\t<p><span class=\"wpcf7-form-control-wrap\" data-name=\"acceptance-665\"><span class=\"wpcf7-form-control wpcf7-acceptance\"><span class=\"wpcf7-list-item\"><input type=\"checkbox\" name=\"acceptance-665\" value=\"1\" aria-invalid=\"false\" \/><\/span><\/span><\/span> Ich habe die <a href=\"\/politica-de-privacidad\" target=\"_blank\"><strong>Datenschutzbestimmungen<\/strong><\/a> von GlopPaper gelesen und akzeptiere sie.\n\t<\/p>\n\t<p><input class=\"wpcf7-form-control wpcf7-submit has-spinner\" type=\"submit\" value=\"Informationen anfordern\" \/>\n\t<\/p>\n<\/div><div class=\"wpcf7-response-output\" aria-hidden=\"true\"><\/div>\n<\/form>\n<\/div>\n[\/vc_column][\/vc_row]<\/p>\n","protected":false},"excerpt":{"rendered":"<p>[vc_row css_animation=&#8220;&#8220; row_type=&#8220;row&#8220; use_row_as_full_screen_section=&#8220;no&#8220; type=&#8220;grid&#8220; angled_section=&#8220;no&#8220; text_align=&#8220;left&#8220; background_image_as_pattern=&#8220;without_pattern&#8220; z_index=&#8220;&#8220; padding_top=&#8220;60&#8243; padding_bottom=&#8220;60&#8243;][vc_column][vc_column_text] M\u00d6CHTEN SIE DEM TEAM BEITRETEN? Wir sind immer auf der Suche nach neuen Unternehmen und Einzelpersonen, die unser Team an unserem Hauptsitz in Vila-real verst\u00e4rken m\u00f6chten. Haben Sie die F\u00e4higkeiten und die Erfahrung, die&#8230;<\/p>\n","protected":false},"author":2,"featured_media":0,"parent":0,"menu_order":0,"comment_status":"closed","ping_status":"closed","template":"full_width.php","meta":{"footnotes":""},"class_list":["post-767","page","type-page","status-publish","hentry"],"aioseo_notices":[],"_links":{"self":[{"href":"https:\/\/www.gloppaper.com\/de\/wp-json\/wp\/v2\/pages\/767","targetHints":{"allow":["GET"]}}],"collection":[{"href":"https:\/\/www.gloppaper.com\/de\/wp-json\/wp\/v2\/pages"}],"about":[{"href":"https:\/\/www.gloppaper.com\/de\/wp-json\/wp\/v2\/types\/page"}],"author":[{"embeddable":true,"href":"https:\/\/www.gloppaper.com\/de\/wp-json\/wp\/v2\/users\/2"}],"replies":[{"embeddable":true,"href":"https:\/\/www.gloppaper.com\/de\/wp-json\/wp\/v2\/comments?post=767"}],"version-history":[{"count":3,"href":"https:\/\/www.gloppaper.com\/de\/wp-json\/wp\/v2\/pages\/767\/revisions"}],"predecessor-version":[{"id":770,"href":"https:\/\/www.gloppaper.com\/de\/wp-json\/wp\/v2\/pages\/767\/revisions\/770"}],"wp:attachment":[{"href":"https:\/\/www.gloppaper.com\/de\/wp-json\/wp\/v2\/media?parent=767"}],"curies":[{"name":"wp","href":"https:\/\/api.w.org\/{rel}","templated":true}]}}