{"id":648,"date":"2021-12-02T15:06:14","date_gmt":"2021-12-02T15:06:14","guid":{"rendered":"http:\/\/www.gloppaper.com\/home\/"},"modified":"2021-12-03T11:40:46","modified_gmt":"2021-12-03T11:40:46","slug":"home","status":"publish","type":"page","link":"https:\/\/www.gloppaper.com\/it\/","title":{"rendered":"Home"},"content":{"rendered":"<p>[vc_row css_animation=&#8221;&#8221; row_type=&#8221;row&#8221; use_row_as_full_screen_section=&#8221;no&#8221; type=&#8221;grid&#8221; angled_section=&#8221;no&#8221; text_align=&#8221;center&#8221; background_image_as_pattern=&#8221;without_pattern&#8221; anchor=&#8221;product&#8221; css=&#8221;.vc_custom_1637580823720{padding-top: 9.4% !important;padding-bottom: 5% !important;}&#8221; z_index=&#8221;&#8221;][vc_column][vc_column_text]<\/p>\n<h2>UN RISULTATO DI SUBLIMAZIONE IMPRESSIONANTE<\/h2>\n<p>[\/vc_column_text][vc_empty_space height=&#8221;20px&#8221;][vc_column_text]<\/p>\n<h5>GlopPaper trattiene l&#8217;inchiostro di sublimazione all&#8217;interno della carta, grazie ad una molecola composta da uno speciale pigmento brevettato, trasferisce i pigmenti dell&#8217;inchiostro all&#8217;oggetto da personalizzare.<\/h5>\n<p>[\/vc_column_text][\/vc_column][\/vc_row][vc_row css_animation=&#8221;&#8221; row_type=&#8221;row&#8221; use_row_as_full_screen_section=&#8221;no&#8221; type=&#8221;grid&#8221; angled_section=&#8221;no&#8221; text_align=&#8221;center&#8221; background_image_as_pattern=&#8221;without_pattern&#8221; css=&#8221;.vc_custom_1469088773203{padding-top: 4.7% !important;padding-bottom: 4% !important;}&#8221;][vc_column offset=&#8221;vc_col-lg-offset-0 vc_col-lg-4 vc_col-md-offset-2 vc_col-md-8&#8243;][vc_single_image image=&#8221;660&#8243; img_size=&#8221;full&#8221; alignment=&#8221;center&#8221; qode_css_animation=&#8221;&#8221;][vc_empty_space height=&#8221;15px&#8221;][vc_column_text]<\/p>\n<h3>PER RIGIDO<\/h3>\n<p>[\/vc_column_text][vc_column_text]Per personalizzare superfici rigide come tazze, piastrelle, astucci, piatti, bicchieri, puzzle, bottiglie.[\/vc_column_text][vc_empty_space height=&#8221;46px&#8221;][\/vc_column][vc_column offset=&#8221;vc_col-lg-offset-0 vc_col-lg-4 vc_col-md-offset-2 vc_col-md-8&#8243;][vc_single_image image=&#8221;667&#8243; img_size=&#8221;full&#8221; alignment=&#8221;center&#8221; qode_css_animation=&#8221;&#8221;][vc_empty_space height=&#8221;15px&#8221;][vc_column_text]<\/p>\n<h3>PER TESSILE<\/h3>\n<p>[\/vc_column_text][vc_column_text]Per personalizzare tessuti in poliestere come magliette, maschere, cuscini, bandiere, nastri, uniformi.[\/vc_column_text][vc_empty_space height=&#8221;46px&#8221;][\/vc_column][vc_column offset=&#8221;vc_col-lg-offset-0 vc_col-lg-4 vc_col-md-offset-2 vc_col-md-8&#8243;][vc_single_image image=&#8221;653&#8243; img_size=&#8221;full&#8221; alignment=&#8221;center&#8221; qode_css_animation=&#8221;&#8221;][vc_empty_space height=&#8221;15px&#8221;][vc_column_text]<\/p>\n<h3>PERFEZIONE<\/h3>\n<p>[\/vc_column_text][vc_column_text]Alta resistenza alle temperature. Non trattiene l&#8217;umidit\u00e0. Resistente all&#8217;invecchiamento. Perfetta planarit\u00e0 della carta.[\/vc_column_text][vc_empty_space height=&#8221;46px&#8221;][\/vc_column][\/vc_row][vc_row row_type=&#8221;parallax&#8221; parallax_content_width=&#8221;in_grid&#8221; text_align=&#8221;left&#8221; full_screen_section_height=&#8221;no&#8221; background_image=&#8221;263&#8243; css=&#8221;.vc_custom_1637572343683{padding-top: 0% !important;padding-bottom: 0% !important;}&#8221; section_height=&#8221;750&#8243;][vc_column css=&#8221;.vc_custom_1469521407481{padding-top: 20.83% !important;}&#8221;][vc_column_text]<\/p>\n<h2><span style=\"color: #ffffff;\"><strong>SARETE SORPRESI DALLA LUMINOSIT\u00c0 E DALLA DEFINIZIONE DEI COLORI.<\/strong><\/span><\/h2>\n<p>[\/vc_column_text][vc_empty_space height=&#8221;15px&#8221;][vc_row_inner row_type=&#8221;row&#8221; type=&#8221;full_width&#8221; text_align=&#8221;left&#8221; css_animation=&#8221;&#8221;][vc_column_inner width=&#8221;2\/3&#8243;][vc_column_text]<\/p>\n<h5><span style=\"color: #ffffff;\"><strong>GlopPaper \u00e8 brevettata e prodotta in Spagna, con clienti e distributori in tutta Europa.<\/strong><\/span><\/h5>\n<p>[\/vc_column_text][\/vc_column_inner][vc_column_inner width=&#8221;1\/3&#8243;][\/vc_column_inner][\/vc_row_inner][\/vc_column][\/vc_row][vc_row css_animation=&#8221;&#8221; row_type=&#8221;row&#8221; use_row_as_full_screen_section=&#8221;no&#8221; type=&#8221;grid&#8221; angled_section=&#8221;no&#8221; text_align=&#8221;center&#8221; background_image_as_pattern=&#8221;without_pattern&#8221; css=&#8221;.vc_custom_1637848871810{padding-top: 7.7% !important;padding-bottom: 5.5% !important;background-color: #ffffff !important;}&#8221; z_index=&#8221;&#8221;][vc_column offset=&#8221;vc_col-lg-offset-0 vc_col-lg-4 vc_col-md-offset-0 vc_col-md-4&#8243;]<div class='image_hover ' style='' data-transition-delay=''><div class='images_holder'><a itemprop='url' href='#' target='_self'><img itemprop='image' class='active_image ' src='https:\/\/www.gloppaper.com\/wp-content\/uploads\/2021\/11\/acabados-proferionales-papel-sublimacion-gloppaper.jpg' alt='' style='' \/><img itemprop='image' class='hover_image' src='https:\/\/www.gloppaper.com\/wp-content\/uploads\/2021\/11\/acabados-proferionales-papel-sublimacion-gloppaper-color.jpg' alt='' style='' \/><\/a><\/div><\/div>[vc_empty_space height=&#8221;15px&#8221;][vc_column_text]<\/p>\n<h4>NON PRODUCE SEGNI<\/h4>\n<p>[\/vc_column_text][vc_column_text]Non produce segni di rulli, scie di formiche o macchie di alcun tipo.[\/vc_column_text][vc_empty_space height=&#8221;40px&#8221;][\/vc_column][vc_column offset=&#8221;vc_col-lg-offset-0 vc_col-lg-4 vc_col-md-offset-0 vc_col-md-4&#8243;]<div class='image_hover ' style='' data-transition-delay=''><div class='images_holder'><a itemprop='url' href='#' target='_self'><img itemprop='image' class='active_image ' src='https:\/\/www.gloppaper.com\/wp-content\/uploads\/2021\/11\/bajo-coste-produccion-papel-sublimacion-gloppaper.jpg' alt='' style='' \/><img itemprop='image' class='hover_image' src='https:\/\/www.gloppaper.com\/wp-content\/uploads\/2021\/11\/bajo-coste-produccion-papel-sublimacion-gloppaper-color.jpg' alt='' style='' \/><\/a><\/div><\/div>[vc_empty_space height=&#8221;15px&#8221;][vc_column_text]<\/p>\n<h4>ASCIUGATURA RAPIDA<\/h4>\n<p>[\/vc_column_text][vc_column_text]Le molecole brevettate facilitano l&#8217;asciugatura rapida che riduce i tempi di attesa.[\/vc_column_text][vc_empty_space height=&#8221;40px&#8221;][\/vc_column][vc_column offset=&#8221;vc_col-lg-offset-0 vc_col-lg-4 vc_col-md-offset-0 vc_col-md-4&#8243;]<div class='image_hover ' style='' data-transition-delay=''><div class='images_holder'><a itemprop='url' href='#' target='_self'><img itemprop='image' class='active_image ' src='https:\/\/www.gloppaper.com\/wp-content\/uploads\/2021\/11\/numero-uno-ventas-papel-sublimacion-gloppaper.jpg' alt='' style='' \/><img itemprop='image' class='hover_image' src='https:\/\/www.gloppaper.com\/wp-content\/uploads\/2021\/11\/numero-uno-ventas-papel-sublimacion-gloppaper-color.jpg' alt='' style='' \/><\/a><\/div><\/div>[vc_empty_space height=&#8221;15px&#8221;][vc_column_text]<\/p>\n<h4>STAMPA NITIDA<\/h4>\n<p>[\/vc_column_text][vc_column_text]Garantisce una stampa nitida e colori vibranti per risultati sorprendenti.[\/vc_column_text][vc_empty_space height=&#8221;40px&#8221;][\/vc_column][\/vc_row][vc_row css_animation=&#8221;&#8221; row_type=&#8221;row&#8221; use_row_as_full_screen_section=&#8221;no&#8221; type=&#8221;full_width&#8221; angled_section=&#8221;no&#8221; text_align=&#8221;left&#8221; background_image_as_pattern=&#8221;without_pattern&#8221; anchor=&#8221;about&#8221; z_index=&#8221;&#8221; css=&#8221;.vc_custom_1637848785722{background-color: #ffffff !important;}&#8221;][vc_column][qode_elements_holder number_of_columns=&#8221;two_columns&#8221;][qode_elements_holder_item advanced_animations=&#8221;no&#8221; background_image=&#8221;266&#8243; item_padding=&#8221;0% 0% 0% 0%&#8221; item_padding_1024_1280=&#8221;0% 0% 0% 0%&#8221; item_padding_768_1024=&#8221;0% 0% 0% 0%&#8221; item_padding_600_768=&#8221;55% 25% 25% 25%&#8221; item_padding_480_600=&#8221;60% 0% 60% 0%&#8221; item_padding_480=&#8221;60% 0% 60% 0%&#8221;][\/qode_elements_holder_item][qode_elements_holder_item advanced_animations=&#8221;no&#8221; item_padding=&#8221;15% 10% 15% 10%&#8221; item_padding_1024_1280=&#8221;19.8% 17% 23.5% 16%&#8221; item_padding_768_1024=&#8221;16.8% 14% 16.5% 16%&#8221; item_padding_600_768=&#8221;10% 5% 10% 5%&#8221; item_padding_480_600=&#8221;10% 5% 10% 5%&#8221; item_padding_480=&#8221;15% 10% 15% 10%&#8221;][vc_column_text]<\/p>\n<h3>GLOPPAPER PREMIUM, LA MIGLIORE CARTA PER SUBLIMAZIONE<\/h3>\n<p>[\/vc_column_text][vc_empty_space height=&#8221;10px&#8221;][vc_column_text]Ci sono molte marche e tipi di carta per sublimazione per il trasferimento su tessuti o oggetti rigidi. Le stampanti a getto d&#8217;inchiostro utilizzate per la sublimazione devono utilizzare una carta speciale e specifica per un trasferimento eccellente.<\/p>\n<p>Tradizionalmente, la carta per sublimazione \u00e8 stata utilizzata per mantenere l&#8217;inchiostro di sublimazione sulla superficie della carta per mezzo di un rivestimento, di solito a base di cere. Il vantaggio principale di questo rivestimento era quello di facilitare il rilascio dell&#8217;inchiostro nel processo di sublimazione. Il grande svantaggio erano i segni dei rulli che generavano difetti nella stampa conosciuti come &#8220;scie di formiche&#8221; o &#8220;segni di pizza&#8221;.<\/p>\n<p>GlopPaper ha brevettato una molecola speciale a base di pigmenti che trattiene l&#8217;inchiostro di sublimazione all&#8217;interno della carta e, quando il calore e la pressione vengono applicati da un ferro da stiro, irradia solo i pigmenti di colore sulla superficie da trasferire.<\/p>\n<p>Il risultato \u00e8 impressionante: gli esperti di pubblicit\u00e0 ci dicono che sono stupiti dalla luminosit\u00e0 e dalla definizione dei colori, cos\u00ec come dalla precisione delle linee e dei profili dei disegni.<\/p>\n<p><strong>GlopPaper \u00e8 brevettata e prodotta in Spagna, e ha clienti e distribuzione in tutta Europa.<\/strong>[\/vc_column_text][\/qode_elements_holder_item][\/qode_elements_holder][\/vc_column][\/vc_row][vc_row css_animation=&#8221;&#8221; row_type=&#8221;row&#8221; use_row_as_full_screen_section=&#8221;no&#8221; type=&#8221;full_width&#8221; angled_section=&#8221;no&#8221; text_align=&#8221;left&#8221; background_image_as_pattern=&#8221;without_pattern&#8221; css=&#8221;.vc_custom_1637848779986{background-color: #f6f6f6 !important;}&#8221; z_index=&#8221;&#8221;][vc_column][qode_elements_holder number_of_columns=&#8221;two_columns&#8221;][qode_elements_holder_item advanced_animations=&#8221;no&#8221; item_padding=&#8221;15% 10% 15% 10%&#8221; item_padding_1024_1280=&#8221;24.8% 24% 24.6% 16%&#8221; item_padding_768_1024=&#8221;23.8% 17% 18.5% 15%&#8221; item_padding_600_768=&#8221;10% 5% 10% 5%&#8221; item_padding_480_600=&#8221;10% 5% 10% 5%&#8221; item_padding_480=&#8221;15% 10% 15% 10%&#8221;][vc_column_text]<\/p>\n<h3>DIMENSIONI E PRESENTAZIONI DI CARTE A SUBLIMAZIONE GLOPPAPER.<\/h3>\n<p>[\/vc_column_text][vc_column_text]Per la tecnica di sublimazione utilizzando stampanti a getto d&#8217;inchiostro con diversi tipi di carta per sublimazione.<\/p>\n<p>GlopPaper \u00e8 una carta per sublimazione eccezionale le cui qualit\u00e0 e il prezzo sono all&#8217;altezza di soddisfare i professionisti della sublimazione con le sfide di tutti i &#8220;blanks&#8221; rigidi o tessuti di poliestere.<\/p>\n<p>GlopPaper \u00e8 n. 1 nelle vendite in Spagna nel 2020, n. 1 nelle vendite nel 2021. E gi\u00e0 molti clienti che hanno acquistato la carta sublimatica GlopPaper in Francia, Germania, Italia, Portogallo e Paesi Bassi hanno ripetuto gli acquisti negli ultimi mesi.[\/vc_column_text][vc_empty_space height=&#8221;15px&#8221;][vc_raw_html]JTNDdGFibGUlMjBjbGFzcyUzRCUyMmJsdWVUYWJsZSUyMiUzRSUwQSUwOSUzQ3RoZWFkJTNFJTBBJTA5JTA5JTNDdHIlM0UlMEElMDklMDklMDklM0N0aCUzRU5VTUVSTyUyMERJJTIwRk9HTElFJTIwJTJGJTIwRElNRU5TSU9ORSUzQyUyRnRoJTNFJTBBJTA5JTA5JTA5JTNDdGglM0UxMDAlMjBGT0dMSUUlMjAxMjAlMjBnciUzQyUyRnRoJTNFJTBBJTA5JTA5JTA5JTNDdGglM0UyNTAlMjBGT0dMSUUlMjAxMjAlMjBnciUzQyUyRnRoJTNFJTBBJTA5JTA5JTA5JTNDdGglM0U1MDAlMjBGT0dMSUUlMjAxMjAlMjBnciUzQyUyRnRoJTNFJTBBJTA5JTA5JTNDJTJGdHIlM0UlMEElMDklM0MlMkZ0aGVhZCUzRSUwQSUwOSUzQ3Rib2R5JTNFJTBBJTA5JTA5JTNDdHIlM0UlMEElMDklMDklMDklM0N0ZCUyMHN0eWxlJTNEJTIyYmFja2dyb3VuZC1jb2xvciUzQSUyMzk2ZTRmZCUzQiUyMiUzRUE0JTIwJTdDJTIwMjEwbW0lMkEyOTdtbSUyMCU3QyUyMDglMkMyNyUyMiUyQTExJTJDNjklMjIlM0MlMkZ0ZCUzRSUwQSUwOSUwOSUwOSUzQ3RkJTIwc3R5bGUlM0QlMjJiYWNrZ3JvdW5kLWNvbG9yJTNBJTIwJTIzNmJkMDRlJTNCY29sb3IlM0ElMjAlMjNmZmYlM0IlMjIlM0UzMnBhY2tzJTJGYm94JTIwMjVLZyUzQyUyRnRkJTNFJTBBJTA5JTA5JTA5JTNDdGQlMjBzdHlsZSUzRCUyMmJhY2tncm91bmQtY29sb3IlM0ElMjAlMjM2YmQwNGUlM0Jjb2xvciUzQSUyMCUyM2ZmZiUzQiUyMiUzRTEycGFja3MlMkZib3glMjAyMyUyQzVLZyUzQyUyRnRkJTNFJTBBJTA5JTA5JTA5JTNDdGQlMjBzdHlsZSUzRCUyMmJhY2tncm91bmQtY29sb3IlM0ElMjAlMjNhNTFhMWQlM0Jjb2xvciUzQSUyMCUyM2ZmZiUzQiUyMiUzRU5PJTNDJTJGdGQlM0UlMEElMDklMDklM0MlMkZ0ciUzRSUwQSUwOSUwOSUzQ3RyJTNFJTBBJTA5JTA5JTA5JTNDdGQlMjBzdHlsZSUzRCUyMmJhY2tncm91bmQtY29sb3IlM0ElMjM5NmU0ZmQlM0IlMjIlM0VBMyUyMCU3QyUyMDI5N21tJTJBNDIwbW0lMjAlN0MlMjAxMSUyQzY5JTIyJTJBMTYlMkM1NCUyMiUzQyUyRnRkJTNFJTBBJTA5JTA5JTA5JTNDdGQlMjBzdHlsZSUzRCUyMmJhY2tncm91bmQtY29sb3IlM0ElMjAlMjM2YmQwNGUlM0Jjb2xvciUzQSUyMCUyM2ZmZiUzQiUyMiUzRTE2cGFja3MlMkZib3glMjAyNUtnJTNDJTJGdGQlM0UlMEElMDklMDklMDklM0N0ZCUyMHN0eWxlJTNEJTIyYmFja2dyb3VuZC1jb2xvciUzQSUyMCUyMzZiZDA0ZSUzQmNvbG9yJTNBJTIwJTIzZmZmJTNCJTIyJTNFNnBhY2tzJTJGYm94JTIwMjMlMkM1S2clM0MlMkZ0ZCUzRSUwQSUwOSUwOSUwOSUzQ3RkJTIwc3R5bGUlM0QlMjJiYWNrZ3JvdW5kLWNvbG9yJTNBJTIwJTIzYTUxYTFkJTNCY29sb3IlM0ElMjAlMjNmZmYlM0IlMjIlM0VOTyUzQyUyRnRkJTNFJTBBJTA5JTA5JTNDJTJGdHIlM0UlMEElMDklMDklM0N0ciUzRSUwQSUwOSUwOSUwOSUzQ3RkJTIwc3R5bGUlM0QlMjJiYWNrZ3JvdW5kLWNvbG9yJTNBJTIzOTZlNGZkJTNCJTIyJTNFQTMlMkIlMjAlN0MlMjAzMjltbSUyQTQ4M21tJTIwJTdDJTIwMTIlMkM5NSUyMiUyQTE5JTJDMDIlMjIlM0MlMkZ0ZCUzRSUwQSUwOSUwOSUwOSUzQ3RkJTIwc3R5bGUlM0QlMjJiYWNrZ3JvdW5kLWNvbG9yJTNBJTIwJTIzNmJkMDRlJTNCY29sb3IlM0ElMjAlMjNmZmYlM0IlMjIlM0UxOXBhY2tzJTJGYm94JTIwMzNLZyUzQyUyRnRkJTNFJTBBJTA5JTA5JTA5JTNDdGQlMjBzdHlsZSUzRCUyMmJhY2tncm91bmQtY29sb3IlM0ElMjAlMjNhNTFhMWQlM0Jjb2xvciUzQSUyMCUyM2ZmZiUzQiUyMiUzRU5PJTNDJTJGdGQlM0UlMEElMDklMDklMDklM0N0ZCUyMHN0eWxlJTNEJTIyYmFja2dyb3VuZC1jb2xvciUzQSUyMCUyM2E1MWExZCUzQmNvbG9yJTNBJTIwJTIzZmZmJTNCJTIyJTNFTk8lM0MlMkZ0ZCUzRSUwQSUwOSUwOSUzQyUyRnRyJTNFJTBBJTA5JTA5JTNDdHIlM0UlMEElMDklMDklMDklM0N0ZCUyMHN0eWxlJTNEJTIyYmFja2dyb3VuZC1jb2xvciUzQSUyMzk2ZTRmZCUzQiUyMiUzRUEyJTIwJTdDJTIwNDIwbW0lMkE1OTRtbSUyMCU3QyUyMDE2JTJDNTAlMjIlMkEyMyUyQzQwJTIyJTNDJTJGdGQlM0UlMEElMDklMDklMDklM0N0ZCUyMHN0eWxlJTNEJTIyYmFja2dyb3VuZC1jb2xvciUzQSUyMCUyM2E1MWExZCUzQmNvbG9yJTNBJTIwJTIzZmZmJTNCJTIyJTNFTk8lM0MlMkZ0ZCUzRSUwQSUwOSUwOSUwOSUzQ3RkJTIwc3R5bGUlM0QlMjJiYWNrZ3JvdW5kLWNvbG9yJTNBJTIwJTIzYTUxYTFkJTNCY29sb3IlM0ElMjAlMjNmZmYlM0IlMjIlM0VOTyUzQyUyRnRkJTNFJTBBJTA5JTA5JTA5JTNDdGQlMjBzdHlsZSUzRCUyMmJhY2tncm91bmQtY29sb3IlM0ElMjAlMjM2YmQwNGUlM0Jjb2xvciUzQSUyMCUyM2ZmZiUzQiUyMiUzRVNJJTNDJTJGdGQlM0UlMEElMDklMDklM0MlMkZ0ciUzRSUwQSUwOSUwOSUzQ3RyJTNFJTBBJTA5JTA5JTA5JTNDdGQlMjBzdHlsZSUzRCUyMmJhY2tncm91bmQtY29sb3IlM0ElMjM5NmU0ZmQlM0IlMjIlM0VBMSUyMCU3QyUyMDU5NG1tJTJBODQxbW0lMjAlN0MlMjAyMyUyQzQwJTIyJTJBMzMlMkMxMCUyMiUzQyUyRnRkJTNFJTBBJTA5JTA5JTA5JTNDdGQlMjBzdHlsZSUzRCUyMmJhY2tncm91bmQtY29sb3IlM0ElMjAlMjNhNTFhMWQlM0Jjb2xvciUzQSUyMCUyM2ZmZiUzQiUyMiUzRU5PJTNDJTJGdGQlM0UlMEElMDklMDklMDklM0N0ZCUyMHN0eWxlJTNEJTIyYmFja2dyb3VuZC1jb2xvciUzQSUyMCUyM2E1MWExZCUzQmNvbG9yJTNBJTIwJTIzZmZmJTNCJTIyJTNFTk8lM0MlMkZ0ZCUzRSUwQSUwOSUwOSUwOSUzQ3RkJTIwc3R5bGUlM0QlMjJiYWNrZ3JvdW5kLWNvbG9yJTNBJTIwJTIzNmJkMDRlJTNCY29sb3IlM0ElMjAlMjNmZmYlM0IlMjIlM0VTSSUzQyUyRnRkJTNFJTBBJTA5JTA5JTNDJTJGdHIlM0UlMEElMDklM0MlMkZ0Ym9keSUzRSUwQSUzQyUyRnRhYmxlJTNF[\/vc_raw_html][\/qode_elements_holder_item][qode_elements_holder_item advanced_animations=&#8221;no&#8221; background_image=&#8221;295&#8243; item_padding=&#8221;0% 0% 0% 0%&#8221; item_padding_1024_1280=&#8221;0% 0% 0% 0%&#8221; item_padding_768_1024=&#8221;0% 0% 0% 0%&#8221; item_padding_600_768=&#8221;55% 25% 25% 25%&#8221; item_padding_480_600=&#8221;60% 0% 60% 0%&#8221; item_padding_480=&#8221;60% 0% 60% 0%&#8221;][\/qode_elements_holder_item][\/qode_elements_holder][\/vc_column][\/vc_row][vc_row css_animation=&#8221;&#8221; row_type=&#8221;row&#8221; use_row_as_full_screen_section=&#8221;no&#8221; type=&#8221;full_width&#8221; angled_section=&#8221;no&#8221; text_align=&#8221;center&#8221; background_image_as_pattern=&#8221;without_pattern&#8221; anchor=&#8221;about&#8221; css=&#8221;.vc_custom_1637848794570{background-color: #ffffff !important;}&#8221; z_index=&#8221;&#8221;][vc_column][qode_elements_holder number_of_columns=&#8221;two_columns&#8221; alignment_one_column=&#8221;center&#8221;][qode_elements_holder_item advanced_animations=&#8221;no&#8221; background_image=&#8221;294&#8243; item_padding=&#8221;0% 0% 0% 0%&#8221; item_padding_1024_1280=&#8221;0% 0% 0% 0%&#8221; item_padding_768_1024=&#8221;0% 0% 0% 0%&#8221; item_padding_600_768=&#8221;55% 25% 25% 25%&#8221; item_padding_480_600=&#8221;60% 0% 60% 0%&#8221; item_padding_480=&#8221;60% 0% 60% 0%&#8221;][\/qode_elements_holder_item][qode_elements_holder_item advanced_animations=&#8221;no&#8221; item_padding=&#8221;25% 10% 25% 10%&#8221; item_padding_1024_1280=&#8221;19.8% 17% 23.5% 16%&#8221; item_padding_768_1024=&#8221;16.8% 14% 16.5% 16%&#8221; item_padding_600_768=&#8221;10% 5% 10% 5%&#8221; item_padding_480_600=&#8221;10% 5% 10% 5%&#8221; item_padding_480=&#8221;15% 10% 15% 10%&#8221;][vc_column_text]<\/p>\n<h3>HAI QUALCHE DOMANDA SU GLOPPAPER?<\/h3>\n<p>[\/vc_column_text][vc_empty_space height=&#8221;10px&#8221;][vc_column_text]<\/p>\n<p style=\"text-align: center;\"><strong> Stiamo cercando distributori in paesi di tutto il mondo.<\/strong><\/p>\n<p>[\/vc_column_text][vc_empty_space height=&#8221;20px&#8221;][vc_raw_html]JTVCdmNfY29sdW1uJTIwd2lkdGglM0QlMjIxJTJGMiUyMiU1RCU1QmJ1dHRvbiUyMHRhcmdldCUzRCUyMl9ibGFuayUyMiUyMGhvdmVyX3R5cGUlM0QlMjJkZWZhdWx0JTIyJTIwZ3JhZGllbnQlM0QlMjJ5ZXMlMjIlMjBmb250X3dlaWdodCUzRCUyMjUwMCUyMiUyMGJ1dHRvbl9zaGFkb3clM0QlMjJ5ZXMlMjIlMjB0ZXh0JTNEJTIyRVNTRVJFJTIwVU4lMjBHUk9TU0lTVEElMjIlMjBsaW5rJTNEJTIyJTJGaXQlMkZkaXZlbnRhLXVuLWRpc3RyaWJ1dG9yZS1nbG9wcGFwZXIlMjIlMjBjb2xvciUzRCUyMiUyM2ZmZmZmZiUyMiUyMGhvdmVyX2NvbG9yJTNEJTIyJTIzZmZmZmZmJTIyJTIwYmFja2dyb3VuZF9jb2xvciUzRCUyMiUyMzNmOGRjYiUyMiUyMGhvdmVyX2JhY2tncm91bmRfY29sb3IlM0QlMjIlMjMzMDQ5NmIlMjIlMjBib3JkZXJfY29sb3IlM0QlMjIlMjMzZjhkY2IlMjIlMjBob3Zlcl9ib3JkZXJfY29sb3IlM0QlMjIlMjMzMDQ5NmIlMjIlMjBmb250X3NpemUlM0QlMjIxNiUyMiUyMGJvcmRlcl9yYWRpdXMlM0QlMjIxNSUyMiU1RCU1QnZjX2VtcHR5X3NwYWNlJTIwaGVpZ2h0JTNEJTIyMjBweCUyMiU1RCU1QiUyRnZjX2NvbHVtbiU1RCU1QnZjX2NvbHVtbiUyMHdpZHRoJTNEJTIyMSUyRjIlMjIlNUQlNUJidXR0b24lMjB0YXJnZXQlM0QlMjJfYmxhbmslMjIlMjBob3Zlcl90eXBlJTNEJTIyZGVmYXVsdCUyMiUyMGdyYWRpZW50JTNEJTIyeWVzJTIyJTIwZm9udF93ZWlnaHQlM0QlMjI1MDAlMjIlMjBidXR0b25fc2hhZG93JTNEJTIyeWVzJTIyJTIwdGV4dCUzRCUyMkNPTlRBVFRPJTIyJTIwbGluayUzRCUyMiUyRml0JTJGY29udGF0dGEtZ2xvcHBhcGVyJTIyJTIwY29sb3IlM0QlMjIlMjNmZmZmZmYlMjIlMjBob3Zlcl9jb2xvciUzRCUyMiUyM2ZmZmZmZiUyMiUyMGJhY2tncm91bmRfY29sb3IlM0QlMjIlMjMzZjhkY2IlMjIlMjBob3Zlcl9iYWNrZ3JvdW5kX2NvbG9yJTNEJTIyJTIzMzA0OTZiJTIyJTIwYm9yZGVyX2NvbG9yJTNEJTIyJTIzM2Y4ZGNiJTIyJTIwaG92ZXJfYm9yZGVyX2NvbG9yJTNEJTIyJTIzMzA0OTZiJTIyJTIwZm9udF9zaXplJTNEJTIyMTYlMjIlMjBib3JkZXJfcmFkaXVzJTNEJTIyMTUlMjIlNUQlNUIlMkZ2Y19jb2x1bW4lNUQ=[\/vc_raw_html][\/qode_elements_holder_item][\/qode_elements_holder][\/vc_column][\/vc_row][vc_row css_animation=&#8221;&#8221; row_type=&#8221;row&#8221; use_row_as_full_screen_section=&#8221;no&#8221; type=&#8221;grid&#8221; angled_section=&#8221;no&#8221; text_align=&#8221;center&#8221; background_image_as_pattern=&#8221;without_pattern&#8221; anchor=&#8221;testimonials&#8221; css=&#8221;.vc_custom_1637849377157{padding-top: 7.9% !important;padding-bottom: 7% !important;}&#8221; z_index=&#8221;&#8221; el_class=&#8221;fondoGradiente&#8221;][vc_column][vc_column_text]<\/p>\n<h3 style=\"text-align: center;\"><span style=\"color: #ffffff;\"><strong>PENSANDO DI ACQUISTARE CARTA PER SUBLIMAZIONE?<\/strong><\/span><\/h3>\n<p>[\/vc_column_text][vc_empty_space height=&#8221;25px&#8221;]\n\n\t<a href=\"https:\/\/tintaciss.net\/468-papel-de-sublimacion\" target=\"_blank\" style=\"font-weight: 700\" class=\"qode-btn qode-btn-medium qode-btn-solid qode-btn-icon qode-btn-with-shadow qode-btn-shadow-hover\"  >\n\t    <span class=\"qode-btn-text\">Comprare GlopPaper<\/span><span class=\"qode-button-v2-icon-holder\"  ><i class=\"qode_icon_font_awesome_5 fa5 fa fa-shopping-basket qode-button-v2-icon-holder-inner\" ><\/i><\/span>\t<\/a>\n\n[\/vc_column][\/vc_row][vc_row css_animation=&#8221;&#8221; row_type=&#8221;row&#8221; use_row_as_full_screen_section=&#8221;no&#8221; type=&#8221;grid&#8221; angled_section=&#8221;no&#8221; text_align=&#8221;center&#8221; background_image_as_pattern=&#8221;without_pattern&#8221; anchor=&#8221;testimonials&#8221; css=&#8221;.vc_custom_1637848809571{padding-top: 7.9% !important;padding-bottom: 7% !important;background-color: #ffffff !important;}&#8221; z_index=&#8221;&#8221;][vc_column][vc_column_text]<\/p>\n<h2>OPINIONI<\/h2>\n<p>[\/vc_column_text][vc_empty_space height=&#8221;25px&#8221;]<div class='testimonials_c_holder clearfix dark'><div class=\"testimonials_c testimonials_c_carousel\" data-show-navigation=\"yes\" data-animation-speed=\"\" data-auto-rotate-slides=\"10\" data-number-per-slide=\"1\"><ul class=\"slides\"><li id=\"testimonials-c-677\" class=\"testimonial_content\"><div class=\"testimonial_content_inner\"><div class=\"testimonial_title_holder\"><h5>Alta funzionalit\u00e0<\/h5><\/div><div class=\"testimonial_rating_holder\"><span class=\"testimonial_star_holder\"><span class=\"icon_star\"><\/span><\/span><span class=\"testimonial_star_holder\"><span class=\"icon_star\"><\/span><\/span><span class=\"testimonial_star_holder\"><span class=\"icon_star\"><\/span><\/span><span class=\"testimonial_star_holder\"><span class=\"icon_star\"><\/span><\/span><span class=\"testimonial_star_holder\"><span class=\"icon_star\"><\/span><\/span><\/div><div class=\"testimonial_text_holder\"><div class=\"testimonial_text_inner\" style=\"color: #3c3c3c;\"><p style='font-size:18px;color:#3c3c3c;'>Siamo rimasti impressionati, abbiamo pensato che come carta sublimatica economica, i risultati sarebbero stati mediocri. Tuttavia, siamo rimasti stupiti quando abbiamo fatto i primi test, \u00e8 una carta economica ma anche la migliore carta di qualit\u00e0 che ho trovato.<\/p><p class=\"testimonial_author\" style=\"color: #3c3c3c;font-weight: 400;color: #3c3c3c;font-size: 14px;\">Michel Font<\/p><\/div><\/div><\/div><\/li><li id=\"testimonials-c-676\" class=\"testimonial_content\"><div class=\"testimonial_content_inner\"><div class=\"testimonial_title_holder\"><h5>Qualit\u00e0 eccezionale<\/h5><\/div><div class=\"testimonial_rating_holder\"><span class=\"testimonial_star_holder\"><span class=\"icon_star\"><\/span><\/span><span class=\"testimonial_star_holder\"><span class=\"icon_star\"><\/span><\/span><span class=\"testimonial_star_holder\"><span class=\"icon_star\"><\/span><\/span><span class=\"testimonial_star_holder\"><span class=\"icon_star\"><\/span><\/span><span class=\"testimonial_star_holder\"><span class=\"icon_star\"><\/span><\/span><\/div><div class=\"testimonial_text_holder\"><div class=\"testimonial_text_inner\" style=\"color: #3c3c3c;\"><p style='font-size:18px;color:#3c3c3c;'>Il risultato \u00e8 impressionante, come raccontano gli esperti di pubblicit\u00e0, che ci dicono di essere stupiti dalla luminosit\u00e0 e dalla definizione dei colori, cos\u00ec come dalla precisione delle linee e dei profili dei disegni.<\/p><p class=\"testimonial_author\" style=\"color: #3c3c3c;font-weight: 400;color: #3c3c3c;font-size: 14px;\">Richard Wood<\/p><\/div><\/div><\/div><\/li><\/ul><\/div><\/div>[\/vc_column][\/vc_row]<\/p>\n","protected":false},"excerpt":{"rendered":"<p>[vc_row css_animation=&#8221;&#8221; row_type=&#8221;row&#8221; use_row_as_full_screen_section=&#8221;no&#8221; type=&#8221;grid&#8221; angled_section=&#8221;no&#8221; text_align=&#8221;center&#8221; background_image_as_pattern=&#8221;without_pattern&#8221; anchor=&#8221;product&#8221; css=&#8221;.vc_custom_1637580823720{padding-top: 9.4% !important;padding-bottom: 5% !important;}&#8221; z_index=&#8221;&#8221;][vc_column][vc_column_text] UN RISULTATO DI SUBLIMAZIONE IMPRESSIONANTE [\/vc_column_text][vc_empty_space height=&#8221;20px&#8221;][vc_column_text] GlopPaper trattiene l&#8217;inchiostro di sublimazione all&#8217;interno della carta, grazie ad una molecola composta da uno speciale pigmento brevettato, trasferisce i pigmenti dell&#8217;inchiostro all&#8217;oggetto&#8230;<\/p>\n","protected":false},"author":2,"featured_media":0,"parent":0,"menu_order":0,"comment_status":"closed","ping_status":"closed","template":"full_width.php","meta":{"footnotes":""},"class_list":["post-648","page","type-page","status-publish","hentry"],"aioseo_notices":[],"_links":{"self":[{"href":"https:\/\/www.gloppaper.com\/it\/wp-json\/wp\/v2\/pages\/648","targetHints":{"allow":["GET"]}}],"collection":[{"href":"https:\/\/www.gloppaper.com\/it\/wp-json\/wp\/v2\/pages"}],"about":[{"href":"https:\/\/www.gloppaper.com\/it\/wp-json\/wp\/v2\/types\/page"}],"author":[{"embeddable":true,"href":"https:\/\/www.gloppaper.com\/it\/wp-json\/wp\/v2\/users\/2"}],"replies":[{"embeddable":true,"href":"https:\/\/www.gloppaper.com\/it\/wp-json\/wp\/v2\/comments?post=648"}],"version-history":[{"count":8,"href":"https:\/\/www.gloppaper.com\/it\/wp-json\/wp\/v2\/pages\/648\/revisions"}],"predecessor-version":[{"id":818,"href":"https:\/\/www.gloppaper.com\/it\/wp-json\/wp\/v2\/pages\/648\/revisions\/818"}],"wp:attachment":[{"href":"https:\/\/www.gloppaper.com\/it\/wp-json\/wp\/v2\/media?parent=648"}],"curies":[{"name":"wp","href":"https:\/\/api.w.org\/{rel}","templated":true}]}}