{"id":775,"date":"2021-12-03T10:17:38","date_gmt":"2021-12-03T10:17:38","guid":{"rendered":"http:\/\/www.gloppaper.com\/torne-se-um-distribuidor-gloppaper\/"},"modified":"2021-12-03T10:21:59","modified_gmt":"2021-12-03T10:21:59","slug":"torne-se-um-distribuidor-gloppaper","status":"publish","type":"page","link":"https:\/\/www.gloppaper.com\/pt-pt\/torne-se-um-distribuidor-gloppaper\/","title":{"rendered":"Torne-se um distribuidor GlopPaper"},"content":{"rendered":"<p>[vc_row css_animation=&#8221;&#8221; row_type=&#8221;row&#8221; use_row_as_full_screen_section=&#8221;no&#8221; type=&#8221;grid&#8221; angled_section=&#8221;no&#8221; text_align=&#8221;left&#8221; background_image_as_pattern=&#8221;without_pattern&#8221; z_index=&#8221;&#8221; padding_top=&#8221;60&#8243; padding_bottom=&#8221;60&#8243;][vc_column][vc_column_text]<\/p>\n<h2 style=\"text-align: center;\">QUER JUNTAR-SE \u00c0 EQUIPA?<\/h2>\n<p style=\"text-align: center;\">Estamos sempre \u00e0 procura de novas empresas e indiv\u00edduos para se juntarem \u00e0 equipa, sediada na nossa sede em Vila-real. Tem as compet\u00eancias e a experi\u00eancia? \u00c9 apaixonado pela ind\u00fastria gr\u00e1fica? Estamos sempre \u00e0 procura de grossistas para as vendas.<\/p>\n<p style=\"text-align: center;\">Depois, se achar que tem o que \u00e9 preciso, entre em contacto enviando a sua informa\u00e7\u00e3o para info@gloppaper.com com um e-mail explicando porque deve juntar-se \u00e0 nossa rede.<\/p>\n<p>[\/vc_column_text][vc_empty_space height=&#8221;20px&#8221;]\n<div class=\"wpcf7 no-js\" id=\"wpcf7-f747-o1\" lang=\"pt-PT\" dir=\"ltr\">\n<div class=\"screen-reader-response\"><p role=\"status\" aria-live=\"polite\" aria-atomic=\"true\"><\/p> <ul><\/ul><\/div>\n<form action=\"\/pt-pt\/wp-json\/wp\/v2\/pages\/775#wpcf7-f747-o1\" method=\"post\" class=\"wpcf7-form init cf7_custom_style_1\" aria-label=\"Formul\u00e1rio de contacto\" novalidate=\"novalidate\" data-status=\"init\">\n<div style=\"display: none;\">\n<input type=\"hidden\" name=\"_wpcf7\" value=\"747\" \/>\n<input type=\"hidden\" name=\"_wpcf7_version\" value=\"5.8.1\" \/>\n<input type=\"hidden\" name=\"_wpcf7_locale\" value=\"pt_PT\" \/>\n<input type=\"hidden\" name=\"_wpcf7_unit_tag\" value=\"wpcf7-f747-o1\" \/>\n<input type=\"hidden\" name=\"_wpcf7_container_post\" value=\"0\" \/>\n<input type=\"hidden\" name=\"_wpcf7_posted_data_hash\" value=\"\" \/>\n<input type=\"hidden\" name=\"_wpcf7_recaptcha_response\" value=\"\" \/>\n<\/div>\n<div class=\"vc_col-xs-6 vc_col-sm-4  sinPaddings\">\n\t<p><span class=\"wpcf7-form-control-wrap\" data-name=\"nombre\"><input size=\"40\" class=\"wpcf7-form-control wpcf7-text wpcf7-validates-as-required\" aria-required=\"true\" aria-invalid=\"false\" placeholder=\"Nome *\" value=\"\" type=\"text\" name=\"nombre\" \/><\/span>\n\t<\/p>\n<\/div>\n<div class=\"vc_col-xs-6 vc_col-sm-4  sinPaddings\">\n\t<p><span class=\"wpcf7-form-control-wrap\" data-name=\"email-322\"><input size=\"40\" class=\"wpcf7-form-control wpcf7-email wpcf7-validates-as-required wpcf7-text wpcf7-validates-as-email\" aria-required=\"true\" aria-invalid=\"false\" placeholder=\"Correio electr\u00f3nico *\" value=\"\" type=\"email\" name=\"email-322\" \/><\/span>\n\t<\/p>\n<\/div>\n<div class=\"vc_col-xs-6 vc_col-sm-4  sinPaddings\">\n\t<p><span class=\"wpcf7-form-control-wrap\" data-name=\"tel-80\"><input size=\"40\" class=\"wpcf7-form-control wpcf7-tel wpcf7-validates-as-required wpcf7-text wpcf7-validates-as-tel\" aria-required=\"true\" aria-invalid=\"false\" placeholder=\"Telefone *\" value=\"\" type=\"tel\" name=\"tel-80\" \/><\/span>\n\t<\/p>\n<\/div>\n<div class=\"vc_col-xs-6 vc_col-sm-6  sinPaddings\">\n\t<p><span class=\"wpcf7-form-control-wrap\" data-name=\"pais\"><input size=\"40\" class=\"wpcf7-form-control wpcf7-text wpcf7-validates-as-required\" aria-required=\"true\" aria-invalid=\"false\" placeholder=\"Pa\u00eds *\" value=\"\" type=\"text\" name=\"pais\" \/><\/span>\n\t<\/p>\n<\/div>\n<div class=\"vc_col-xs-12 vc_col-sm-6  sinPaddings\">\n\t<p><span class=\"wpcf7-form-control-wrap\" data-name=\"empresa\"><input size=\"40\" class=\"wpcf7-form-control wpcf7-text\" aria-invalid=\"false\" placeholder=\"Empresa\" value=\"\" type=\"text\" name=\"empresa\" \/><\/span>\n\t<\/p>\n<\/div>\n<div class=\"vc_col-xs-12 sinPaddings\">\n\t<p><span class=\"wpcf7-form-control-wrap\" data-name=\"textarea-836\"><textarea cols=\"40\" rows=\"10\" class=\"wpcf7-form-control wpcf7-textarea\" aria-invalid=\"false\" placeholder=\"Mensagem\" name=\"textarea-836\"><\/textarea><\/span>\n\t<\/p>\n\t<p><span class=\"wpcf7-form-control-wrap\" data-name=\"acceptance-665\"><span class=\"wpcf7-form-control wpcf7-acceptance\"><span class=\"wpcf7-list-item\"><input type=\"checkbox\" name=\"acceptance-665\" value=\"1\" aria-invalid=\"false\" \/><\/span><\/span><\/span> Li e aceito a <a href=\"\/politica-de-privacidad\" target=\"_blank\"><strong>pol\u00edtica de privacidade<\/strong><\/a> do GlopPaper.\n\t<\/p>\n\t<p><input class=\"wpcf7-form-control wpcf7-submit has-spinner\" type=\"submit\" value=\"Pedir informa\u00e7\u00f5es\" \/>\n\t<\/p>\n<\/div><div class=\"wpcf7-response-output\" aria-hidden=\"true\"><\/div>\n<\/form>\n<\/div>\n[\/vc_column][\/vc_row]<\/p>\n","protected":false},"excerpt":{"rendered":"<p>[vc_row css_animation=&#8221;&#8221; row_type=&#8221;row&#8221; use_row_as_full_screen_section=&#8221;no&#8221; type=&#8221;grid&#8221; angled_section=&#8221;no&#8221; text_align=&#8221;left&#8221; background_image_as_pattern=&#8221;without_pattern&#8221; z_index=&#8221;&#8221; padding_top=&#8221;60&#8243; padding_bottom=&#8221;60&#8243;][vc_column][vc_column_text] QUER JUNTAR-SE \u00c0 EQUIPA? Estamos sempre \u00e0 procura de novas empresas e indiv\u00edduos para se juntarem \u00e0 equipa, sediada na nossa sede em Vila-real. Tem as compet\u00eancias e a experi\u00eancia? \u00c9 apaixonado pela ind\u00fastria&#8230;<\/p>\n","protected":false},"author":2,"featured_media":0,"parent":0,"menu_order":0,"comment_status":"closed","ping_status":"closed","template":"full_width.php","meta":{"footnotes":""},"class_list":["post-775","page","type-page","status-publish","hentry"],"aioseo_notices":[],"_links":{"self":[{"href":"https:\/\/www.gloppaper.com\/pt-pt\/wp-json\/wp\/v2\/pages\/775","targetHints":{"allow":["GET"]}}],"collection":[{"href":"https:\/\/www.gloppaper.com\/pt-pt\/wp-json\/wp\/v2\/pages"}],"about":[{"href":"https:\/\/www.gloppaper.com\/pt-pt\/wp-json\/wp\/v2\/types\/page"}],"author":[{"embeddable":true,"href":"https:\/\/www.gloppaper.com\/pt-pt\/wp-json\/wp\/v2\/users\/2"}],"replies":[{"embeddable":true,"href":"https:\/\/www.gloppaper.com\/pt-pt\/wp-json\/wp\/v2\/comments?post=775"}],"version-history":[{"count":3,"href":"https:\/\/www.gloppaper.com\/pt-pt\/wp-json\/wp\/v2\/pages\/775\/revisions"}],"predecessor-version":[{"id":778,"href":"https:\/\/www.gloppaper.com\/pt-pt\/wp-json\/wp\/v2\/pages\/775\/revisions\/778"}],"wp:attachment":[{"href":"https:\/\/www.gloppaper.com\/pt-pt\/wp-json\/wp\/v2\/media?parent=775"}],"curies":[{"name":"wp","href":"https:\/\/api.w.org\/{rel}","templated":true}]}}